{"id":14443,"date":"2019-02-19T14:31:43","date_gmt":"2019-02-19T13:31:43","guid":{"rendered":"https:\/\/disenoparaimpacientes.es\/?page_id=14443"},"modified":"2021-03-25T12:55:19","modified_gmt":"2021-03-25T11:55:19","slug":"recursos-gratuitos","status":"publish","type":"page","link":"https:\/\/disenoparaimpacientes.es\/?page_id=14443","title":{"rendered":"Recursos gratuitos"},"content":{"rendered":"\n<div class=\"wp-block-image\"><figure class=\"aligncenter\"><img loading=\"lazy\" width=\"1024\" height=\"686\" src=\"https:\/\/disenoparaimpacientes.es\/wp-content\/uploads\/2019\/02\/970-CON-TEXTO4-1024x686.jpg\" alt=\"\" class=\"wp-image-14462\" srcset=\"https:\/\/disenoparaimpacientes.es\/wp-content\/uploads\/2019\/02\/970-CON-TEXTO4-1024x686.jpg 1024w, https:\/\/disenoparaimpacientes.es\/wp-content\/uploads\/2019\/02\/970-CON-TEXTO4-300x201.jpg 300w, https:\/\/disenoparaimpacientes.es\/wp-content\/uploads\/2019\/02\/970-CON-TEXTO4-768x515.jpg 768w, https:\/\/disenoparaimpacientes.es\/wp-content\/uploads\/2019\/02\/970-CON-TEXTO4-600x402.jpg 600w, https:\/\/disenoparaimpacientes.es\/wp-content\/uploads\/2019\/02\/970-CON-TEXTO4.jpg 1641w\" sizes=\"(max-width: 1024px) 100vw, 1024px\" \/><\/figure><\/div>\n\n\n\n<p class=\"has-cyan-bluish-gray-color has-text-color\">En esta p\u00e1gina iremos subiendo recursos que puedes utilizar libremente: plantillas, logos, p\u00e1ginas maestras, portadas para personalizar, etc&#8230; Y todo ello de forma gratuita. <\/p>\n\n\n\n<p class=\"has-cyan-bluish-gray-color has-text-color\">Y si no encuentras lo que buscas, p\u00eddenoslo. Haremos un dise\u00f1o a medida a un precio muy econ\u00f3mico. P\u00eddenos presupuesto.<\/p>\n\n\n\n<div class=\"wp-block-image\"><figure class=\"aligncenter is-resized\"><img loading=\"lazy\" src=\"https:\/\/disenoparaimpacientes.es\/wp-content\/uploads\/2019\/02\/Picto-Powerp.jpg\" alt=\"\" class=\"wp-image-14456\" width=\"183\" height=\"183\" srcset=\"https:\/\/disenoparaimpacientes.es\/wp-content\/uploads\/2019\/02\/Picto-Powerp.jpg 732w, https:\/\/disenoparaimpacientes.es\/wp-content\/uploads\/2019\/02\/Picto-Powerp-150x150.jpg 150w, https:\/\/disenoparaimpacientes.es\/wp-content\/uploads\/2019\/02\/Picto-Powerp-300x300.jpg 300w, https:\/\/disenoparaimpacientes.es\/wp-content\/uploads\/2019\/02\/Picto-Powerp-45x45.jpg 45w, https:\/\/disenoparaimpacientes.es\/wp-content\/uploads\/2019\/02\/Picto-Powerp-600x600.jpg 600w, https:\/\/disenoparaimpacientes.es\/wp-content\/uploads\/2019\/02\/Picto-Powerp-100x100.jpg 100w\" sizes=\"(max-width: 183px) 100vw, 183px\" \/><\/figure><\/div>\n\n\n\n<p class=\"has-text-align-center has-text-color\" style=\"color:#fcc434\">PLANTILLAS PARA POWERPOINT<\/p>\n\n\n\n<div class=\"wp-block-image\"><figure class=\"aligncenter is-resized\"><img loading=\"lazy\" src=\"https:\/\/disenoparaimpacientes.es\/wp-content\/uploads\/2019\/02\/Picto-logo.jpg\" alt=\"\" class=\"wp-image-14457\" width=\"183\" height=\"183\" srcset=\"https:\/\/disenoparaimpacientes.es\/wp-content\/uploads\/2019\/02\/Picto-logo.jpg 732w, https:\/\/disenoparaimpacientes.es\/wp-content\/uploads\/2019\/02\/Picto-logo-150x150.jpg 150w, https:\/\/disenoparaimpacientes.es\/wp-content\/uploads\/2019\/02\/Picto-logo-300x300.jpg 300w, https:\/\/disenoparaimpacientes.es\/wp-content\/uploads\/2019\/02\/Picto-logo-45x45.jpg 45w, https:\/\/disenoparaimpacientes.es\/wp-content\/uploads\/2019\/02\/Picto-logo-600x600.jpg 600w, https:\/\/disenoparaimpacientes.es\/wp-content\/uploads\/2019\/02\/Picto-logo-100x100.jpg 100w\" sizes=\"(max-width: 183px) 100vw, 183px\" \/><\/figure><\/div>\n\n\n\n<p class=\"has-text-align-center has-text-color\" style=\"color:#fcc434\">LOGOTIPOS PARA UTILIZAR<\/p>\n\n\n\n<div class=\"wp-block-image\"><figure class=\"aligncenter is-resized\"><img loading=\"lazy\" src=\"https:\/\/disenoparaimpacientes.es\/wp-content\/uploads\/2019\/02\/Picto-word.jpg\" alt=\"\" class=\"wp-image-14458\" width=\"183\" height=\"183\" srcset=\"https:\/\/disenoparaimpacientes.es\/wp-content\/uploads\/2019\/02\/Picto-word.jpg 732w, https:\/\/disenoparaimpacientes.es\/wp-content\/uploads\/2019\/02\/Picto-word-150x150.jpg 150w, https:\/\/disenoparaimpacientes.es\/wp-content\/uploads\/2019\/02\/Picto-word-300x300.jpg 300w, https:\/\/disenoparaimpacientes.es\/wp-content\/uploads\/2019\/02\/Picto-word-45x45.jpg 45w, https:\/\/disenoparaimpacientes.es\/wp-content\/uploads\/2019\/02\/Picto-word-600x600.jpg 600w, https:\/\/disenoparaimpacientes.es\/wp-content\/uploads\/2019\/02\/Picto-word-100x100.jpg 100w\" sizes=\"(max-width: 183px) 100vw, 183px\" \/><\/figure><\/div>\n\n\n\n<p class=\"has-text-align-center has-text-color\" style=\"color:#fcc434\">PLANTILLAS PARA DOCUMENTOS E INFORMES<\/p>\n\n\n\n<div class=\"wp-block-image\"><figure class=\"aligncenter is-resized\"><img loading=\"lazy\" src=\"https:\/\/disenoparaimpacientes.es\/wp-content\/uploads\/2019\/02\/Picto-tesis.jpg\" alt=\"\" class=\"wp-image-14459\" width=\"183\" height=\"183\" srcset=\"https:\/\/disenoparaimpacientes.es\/wp-content\/uploads\/2019\/02\/Picto-tesis.jpg 732w, https:\/\/disenoparaimpacientes.es\/wp-content\/uploads\/2019\/02\/Picto-tesis-150x150.jpg 150w, https:\/\/disenoparaimpacientes.es\/wp-content\/uploads\/2019\/02\/Picto-tesis-300x300.jpg 300w, https:\/\/disenoparaimpacientes.es\/wp-content\/uploads\/2019\/02\/Picto-tesis-45x45.jpg 45w, https:\/\/disenoparaimpacientes.es\/wp-content\/uploads\/2019\/02\/Picto-tesis-600x600.jpg 600w, https:\/\/disenoparaimpacientes.es\/wp-content\/uploads\/2019\/02\/Picto-tesis-100x100.jpg 100w\" sizes=\"(max-width: 183px) 100vw, 183px\" \/><\/figure><\/div>\n\n\n\n<p class=\"has-text-align-center has-text-color\" style=\"color:#fcc434\">OTRAS PLANTILLAS<\/p>\n\n\n\n<p><\/p>\n","protected":false},"excerpt":{"rendered":"<p>En esta p\u00e1gina iremos subiendo recursos que puedes utilizar libremente: plantillas, logos, p\u00e1ginas maestras, portadas para personalizar, etc&#8230; Y todo ello de forma gratuita. Y si no encuentras lo que buscas, p\u00eddenoslo. Haremos un dise\u00f1o a medida a un precio muy econ\u00f3mico. P\u00eddenos presupuesto. PLANTILLAS PARA POWERPOINT LOGOTIPOS PARA UTILIZAR PLANTILLAS PARA DOCUMENTOS E INFORMES &#8230; <\/p>\n<p class=\"read-more-container\"><a title=\"Recursos gratuitos\" class=\"read-more button\" href=\"https:\/\/disenoparaimpacientes.es\/?page_id=14443#more-14443\">Read more<span class=\"screen-reader-text\">Recursos gratuitos<\/span><\/a><\/p>\n","protected":false},"author":1,"featured_media":0,"parent":0,"menu_order":0,"comment_status":"closed","ping_status":"closed","template":"","meta":{"generate_page_header":""},"yoast_head":"<!-- This site is optimized with the Yoast SEO plugin v19.6.1 - https:\/\/yoast.com\/wordpress\/plugins\/seo\/ -->\n<title>Recursos gratuitos - Dise&ntilde;o para impacientes - Plantillas, vectoriales, maquetas<\/title>\n<meta name=\"description\" content=\"En esta p\u00e1gina iremos subiendo recursos gratuitos, como plantillas, patrones de diapositivas, portadas comod\u00edn de Illustrator y maquetas de documentos.\" \/>\n<meta name=\"robots\" content=\"index, follow, max-snippet:-1, max-image-preview:large, max-video-preview:-1\" \/>\n<link rel=\"canonical\" href=\"https:\/\/disenoparaimpacientes.es\/?page_id=14443\" \/>\n<meta property=\"og:locale\" content=\"es_ES\" \/>\n<meta property=\"og:type\" content=\"article\" \/>\n<meta property=\"og:title\" content=\"Recursos gratuitos - Dise&ntilde;o para impacientes - Plantillas, vectoriales, maquetas\" \/>\n<meta property=\"og:description\" content=\"En esta p\u00e1gina iremos subiendo recursos gratuitos, como plantillas, patrones de diapositivas, portadas comod\u00edn de Illustrator y maquetas de documentos.\" \/>\n<meta property=\"og:url\" content=\"https:\/\/disenoparaimpacientes.es\/?page_id=14443\" \/>\n<meta property=\"og:site_name\" content=\"Dise&ntilde;o para impacientes\" \/>\n<meta property=\"article:modified_time\" content=\"2021-03-25T11:55:19+00:00\" \/>\n<meta property=\"og:image\" content=\"https:\/\/disenoparaimpacientes.es\/wp-content\/uploads\/2019\/02\/970-CON-TEXTO4-1024x686.jpg\" \/>\n<meta name=\"twitter:card\" content=\"summary_large_image\" \/>\n<meta name=\"twitter:label1\" content=\"Tiempo de lectura\" \/>\n\t<meta name=\"twitter:data1\" content=\"2 minutos\" \/>\n<script type=\"application\/ld+json\" class=\"yoast-schema-graph\">{\"@context\":\"https:\/\/schema.org\",\"@graph\":[{\"@type\":\"WebPage\",\"@id\":\"https:\/\/disenoparaimpacientes.es\/?page_id=14443\",\"url\":\"https:\/\/disenoparaimpacientes.es\/?page_id=14443\",\"name\":\"Recursos gratuitos - Dise&ntilde;o para impacientes - Plantillas, vectoriales, maquetas\",\"isPartOf\":{\"@id\":\"https:\/\/disenoparaimpacientes.es\/#website\"},\"datePublished\":\"2019-02-19T13:31:43+00:00\",\"dateModified\":\"2021-03-25T11:55:19+00:00\",\"description\":\"En esta p\u00e1gina iremos subiendo recursos gratuitos, como plantillas, patrones de diapositivas, portadas comod\u00edn de Illustrator y maquetas de documentos.\",\"breadcrumb\":{\"@id\":\"https:\/\/disenoparaimpacientes.es\/?page_id=14443#breadcrumb\"},\"inLanguage\":\"es\",\"potentialAction\":[{\"@type\":\"ReadAction\",\"target\":[\"https:\/\/disenoparaimpacientes.es\/?page_id=14443\"]}]},{\"@type\":\"BreadcrumbList\",\"@id\":\"https:\/\/disenoparaimpacientes.es\/?page_id=14443#breadcrumb\",\"itemListElement\":[{\"@type\":\"ListItem\",\"position\":1,\"name\":\"Portada\",\"item\":\"https:\/\/disenoparaimpacientes.es\/\"},{\"@type\":\"ListItem\",\"position\":2,\"name\":\"Recursos gratuitos\"}]},{\"@type\":\"WebSite\",\"@id\":\"https:\/\/disenoparaimpacientes.es\/#website\",\"url\":\"https:\/\/disenoparaimpacientes.es\/\",\"name\":\"Dise&ntilde;o para impacientes\",\"description\":\"Dise&ntilde;o gr&aacute;fico para gente con prisa\",\"publisher\":{\"@id\":\"https:\/\/disenoparaimpacientes.es\/#organization\"},\"potentialAction\":[{\"@type\":\"SearchAction\",\"target\":{\"@type\":\"EntryPoint\",\"urlTemplate\":\"https:\/\/disenoparaimpacientes.es\/?s={search_term_string}\"},\"query-input\":\"required name=search_term_string\"}],\"inLanguage\":\"es\"},{\"@type\":\"Organization\",\"@id\":\"https:\/\/disenoparaimpacientes.es\/#organization\",\"name\":\"Dise&ntilde;o para impacientes\",\"url\":\"https:\/\/disenoparaimpacientes.es\/\",\"sameAs\":[],\"logo\":{\"@type\":\"ImageObject\",\"inLanguage\":\"es\",\"@id\":\"https:\/\/disenoparaimpacientes.es\/#\/schema\/logo\/image\/\",\"url\":\"https:\/\/disenoparaimpacientes.es\/wp-content\/uploads\/2021\/10\/Cabecera-nueva-DPI-2-scaled.jpg\",\"contentUrl\":\"https:\/\/disenoparaimpacientes.es\/wp-content\/uploads\/2021\/10\/Cabecera-nueva-DPI-2-scaled.jpg\",\"width\":2560,\"height\":1672,\"caption\":\"Dise&ntilde;o para impacientes\"},\"image\":{\"@id\":\"https:\/\/disenoparaimpacientes.es\/#\/schema\/logo\/image\/\"}}]}<\/script>\n<!-- \/ Yoast SEO plugin. -->","yoast_head_json":{"title":"Recursos gratuitos - Dise&ntilde;o para impacientes - Plantillas, vectoriales, maquetas","description":"En esta p\u00e1gina iremos subiendo recursos gratuitos, como plantillas, patrones de diapositivas, portadas comod\u00edn de Illustrator y maquetas de documentos.","robots":{"index":"index","follow":"follow","max-snippet":"max-snippet:-1","max-image-preview":"max-image-preview:large","max-video-preview":"max-video-preview:-1"},"canonical":"https:\/\/disenoparaimpacientes.es\/?page_id=14443","og_locale":"es_ES","og_type":"article","og_title":"Recursos gratuitos - Dise&ntilde;o para impacientes - Plantillas, vectoriales, maquetas","og_description":"En esta p\u00e1gina iremos subiendo recursos gratuitos, como plantillas, patrones de diapositivas, portadas comod\u00edn de Illustrator y maquetas de documentos.","og_url":"https:\/\/disenoparaimpacientes.es\/?page_id=14443","og_site_name":"Dise&ntilde;o para impacientes","article_modified_time":"2021-03-25T11:55:19+00:00","og_image":[{"url":"https:\/\/disenoparaimpacientes.es\/wp-content\/uploads\/2019\/02\/970-CON-TEXTO4-1024x686.jpg"}],"twitter_card":"summary_large_image","twitter_misc":{"Tiempo de lectura":"2 minutos"},"schema":{"@context":"https:\/\/schema.org","@graph":[{"@type":"WebPage","@id":"https:\/\/disenoparaimpacientes.es\/?page_id=14443","url":"https:\/\/disenoparaimpacientes.es\/?page_id=14443","name":"Recursos gratuitos - Dise&ntilde;o para impacientes - Plantillas, vectoriales, maquetas","isPartOf":{"@id":"https:\/\/disenoparaimpacientes.es\/#website"},"datePublished":"2019-02-19T13:31:43+00:00","dateModified":"2021-03-25T11:55:19+00:00","description":"En esta p\u00e1gina iremos subiendo recursos gratuitos, como plantillas, patrones de diapositivas, portadas comod\u00edn de Illustrator y maquetas de documentos.","breadcrumb":{"@id":"https:\/\/disenoparaimpacientes.es\/?page_id=14443#breadcrumb"},"inLanguage":"es","potentialAction":[{"@type":"ReadAction","target":["https:\/\/disenoparaimpacientes.es\/?page_id=14443"]}]},{"@type":"BreadcrumbList","@id":"https:\/\/disenoparaimpacientes.es\/?page_id=14443#breadcrumb","itemListElement":[{"@type":"ListItem","position":1,"name":"Portada","item":"https:\/\/disenoparaimpacientes.es\/"},{"@type":"ListItem","position":2,"name":"Recursos gratuitos"}]},{"@type":"WebSite","@id":"https:\/\/disenoparaimpacientes.es\/#website","url":"https:\/\/disenoparaimpacientes.es\/","name":"Dise&ntilde;o para impacientes","description":"Dise&ntilde;o gr&aacute;fico para gente con prisa","publisher":{"@id":"https:\/\/disenoparaimpacientes.es\/#organization"},"potentialAction":[{"@type":"SearchAction","target":{"@type":"EntryPoint","urlTemplate":"https:\/\/disenoparaimpacientes.es\/?s={search_term_string}"},"query-input":"required name=search_term_string"}],"inLanguage":"es"},{"@type":"Organization","@id":"https:\/\/disenoparaimpacientes.es\/#organization","name":"Dise&ntilde;o para impacientes","url":"https:\/\/disenoparaimpacientes.es\/","sameAs":[],"logo":{"@type":"ImageObject","inLanguage":"es","@id":"https:\/\/disenoparaimpacientes.es\/#\/schema\/logo\/image\/","url":"https:\/\/disenoparaimpacientes.es\/wp-content\/uploads\/2021\/10\/Cabecera-nueva-DPI-2-scaled.jpg","contentUrl":"https:\/\/disenoparaimpacientes.es\/wp-content\/uploads\/2021\/10\/Cabecera-nueva-DPI-2-scaled.jpg","width":2560,"height":1672,"caption":"Dise&ntilde;o para impacientes"},"image":{"@id":"https:\/\/disenoparaimpacientes.es\/#\/schema\/logo\/image\/"}}]}},"jetpack_sharing_enabled":true,"jetpack_shortlink":"https:\/\/wp.me\/PaA1RI-3KX","_links":{"self":[{"href":"https:\/\/disenoparaimpacientes.es\/index.php?rest_route=\/wp\/v2\/pages\/14443"}],"collection":[{"href":"https:\/\/disenoparaimpacientes.es\/index.php?rest_route=\/wp\/v2\/pages"}],"about":[{"href":"https:\/\/disenoparaimpacientes.es\/index.php?rest_route=\/wp\/v2\/types\/page"}],"author":[{"embeddable":true,"href":"https:\/\/disenoparaimpacientes.es\/index.php?rest_route=\/wp\/v2\/users\/1"}],"replies":[{"embeddable":true,"href":"https:\/\/disenoparaimpacientes.es\/index.php?rest_route=%2Fwp%2Fv2%2Fcomments&post=14443"}],"version-history":[{"count":9,"href":"https:\/\/disenoparaimpacientes.es\/index.php?rest_route=\/wp\/v2\/pages\/14443\/revisions"}],"predecessor-version":[{"id":14641,"href":"https:\/\/disenoparaimpacientes.es\/index.php?rest_route=\/wp\/v2\/pages\/14443\/revisions\/14641"}],"wp:attachment":[{"href":"https:\/\/disenoparaimpacientes.es\/index.php?rest_route=%2Fwp%2Fv2%2Fmedia&parent=14443"}],"curies":[{"name":"wp","href":"https:\/\/api.w.org\/{rel}","templated":true}]}}