{"id":14421,"date":"2019-01-31T20:24:16","date_gmt":"2019-01-31T19:24:16","guid":{"rendered":"https:\/\/disenoparaimpacientes.es\/?page_id=14421"},"modified":"2022-04-15T10:11:31","modified_gmt":"2022-04-15T08:11:31","slug":"pidenos-presupuesto","status":"publish","type":"page","link":"https:\/\/disenoparaimpacientes.es\/?page_id=14421","title":{"rendered":"p\u00eddenos presupuesto"},"content":{"rendered":"\t\t<div data-elementor-type=\"wp-page\" data-elementor-id=\"14421\" class=\"elementor elementor-14421\">\n\t\t\t\t\t\t<div class=\"elementor-inner\">\n\t\t\t\t<div class=\"elementor-section-wrap\">\n\t\t\t\t\t\t\t\t\t<section class=\"elementor-section elementor-top-section elementor-element elementor-element-43a8ee27 elementor-section-boxed elementor-section-height-default elementor-section-height-default\" data-id=\"43a8ee27\" data-element_type=\"section\">\n\t\t\t\t\t\t<div class=\"elementor-container elementor-column-gap-default\">\n\t\t\t\t\t\t\t<div class=\"elementor-row\">\n\t\t\t\t\t<div class=\"elementor-column elementor-col-100 elementor-top-column elementor-element elementor-element-2ed61457\" data-id=\"2ed61457\" data-element_type=\"column\">\n\t\t\t<div class=\"elementor-column-wrap elementor-element-populated\">\n\t\t\t\t\t\t\t<div class=\"elementor-widget-wrap\">\n\t\t\t\t\t\t<div class=\"elementor-element elementor-element-4814a805 elementor-widget elementor-widget-text-editor\" data-id=\"4814a805\" data-element_type=\"widget\" data-widget_type=\"text-editor.default\">\n\t\t\t\t<div class=\"elementor-widget-container\">\n\t\t\t\t\t\t\t\t<div class=\"elementor-text-editor elementor-clearfix\">\n\t\t\t\t<p><!-- wp:paragraph {\"align\":\"center\",\"customTextColor\":\"#bec1c2\"} --><\/p>\n<p class=\"has-text-color\" style=\"color: #bec1c2; text-align: center;\">P\u00eddenos presupuesto sin compromiso de cualquier cosa que necesites. Det\u00e1llanos qu\u00e9 es lo que necesitas, y nosotros nos pondremos en contacto a la mayor brevedad posible. D\u00e9janos un tel\u00e9fono donde contactar contigo.<\/p>\n<p><!-- \/wp:paragraph --><\/p>\n<p><!-- wp:ninja-forms\/form {\"formID\":1,\"formName\":\"Contact Me ( ID: 1 )\"} --><\/p>\n<div class=\"wp-block-ninja-forms-form\">&nbsp;<br><link rel=\"stylesheet\" property=\"stylesheet\" href=\"https:\/\/disenoparaimpacientes.es\/wp-content\/plugins\/happyforms\/core\/assets\/css\/color.css?ver=1.15.0\" \/><link rel=\"stylesheet\" property=\"stylesheet\" href=\"https:\/\/disenoparaimpacientes.es\/wp-content\/plugins\/happyforms\/core\/assets\/css\/layout.css?ver=1.15.0\" \/>\t<!-- HappyForms CSS variables -->\n\t<style>\n\t#happyforms-24 {\n\t\t--happyforms-form-title-font-size: 32px;\n--happyforms-part-title-font-size: 16px;\n--happyforms-part-description-font-size: 14px;\n--happyforms-part-value-font-size: 16px;\n--happyforms-submit-button-font-size: 17px;\n--happyforms-color-primary: #000000;\n--happyforms-color-success-notice: #ebf9f0;\n--happyforms-color-success-notice-text: #1eb452;\n--happyforms-color-error: #ff7550;\n--happyforms-color-error-notice: #ffeeea;\n--happyforms-color-error-notice-text: #f23000;\n--happyforms-color-part-title: #000000;\n--happyforms-color-part-value: #000000;\n--happyforms-color-part-placeholder: #888888;\n--happyforms-color-part-description: #454545;\n--happyforms-color-part-border: #000000;\n--happyforms-color-part-border-focus: #407fff;\n--happyforms-color-part-background: #ffffff;\n--happyforms-color-part-background-focus: #ffffff;\n--happyforms-color-submit-background: #ffffff;\n--happyforms-color-submit-background-hover: #000000;\n--happyforms-color-submit-border: #000000;\n--happyforms-color-submit-text: #000000;\n--happyforms-color-submit-text-hover: #ffffff;\n--happyforms-color-rating: #cccccc;\n--happyforms-color-rating-hover: #f39c00;\n--happyforms-color-table-row-odd: #fcfcfc;\n--happyforms-color-table-row-even: #efefef;\n--happyforms-color-table-row-odd-text: #000000;\n--happyforms-color-table-row-even-text: #000000;\n--happyforms-color-divider-hr: #cccccc;\n--happyforms-color-choice-checkmark-bg: #ffffff;\n--happyforms-color-choice-checkmark-bg-focus: #000000;\n--happyforms-color-choice-checkmark-color: #ffffff;\n--happyforms-color-dropdown-item-bg: #ffffff;\n--happyforms-color-dropdown-item-text: #000000;\n--happyforms-color-dropdown-item-bg-hover: #dbdbdb;\n--happyforms-color-dropdown-item-text-hover: #000000;\n\t}\n\t<\/style>\n\t<!-- End of HappyForms CSS variables -->\n\t\t<!-- HappyForms Additional CSS -->\n\t<style data-happyforms-additional-css>\n\t\t<\/style>\n\t<!-- End of HappyForms Additional CSS -->\n\t\t\t<link rel=\"stylesheet\" type=\"text\/css\" href=\"https:\/\/disenoparaimpacientes.es\/wp-content\/plugins\/happyforms\/core\/assets\/css\/no-interaction.css\">\n\t\t<div class=\"happyforms-form happyforms-styles happyforms-form--part-border-radius-square happyforms-form--part-outer-padding-narrow happyforms-form--submit-button-border-radius-square\" id=\"happyforms-24\">\n\t\t\n\t<form action=\"\" id=\"happyforms-form-24\" method=\"post\" novalidate=\"true\" autocomplete=\"off\">\n\t\t\n\t\t\t<input type=\"hidden\" name=\"action\" value=\"happyforms_message\">\n\t\t\t\t<input type=\"hidden\" name=\"happyforms_form_id\" value=\"24\" \/>\n\t\t\t\t<input type=\"hidden\" name=\"happyforms_step\" value=\"0\" \/>\n\t\n\t\t<div class=\"happyforms-flex\">\n\t\t\t\t<input type=\"text\" name=\"24-number\" style=\"position:absolute;left:-5000px;\" tabindex=\"-1\" autocomplete=\"off\"> <span class=\"screen-reader-text\">Leave this field blank<\/span>\n\t\t\t\t\t\t\t\t\t\t<div class=\"happyforms-form__part happyforms-part happyforms-part--single_line_text happyforms-part--width-half happyforms-part--label-above\" id=\"happyforms-24_single_line_text_0-part\" data-happyforms-type=\"single_line_text\" data-happyforms-id=\"single_line_text_0\" data-happyforms-required=\"\">\n\t<div class=\"happyforms-part-wrap\">\n\t\t\n\t\t\t\t\t\t<div class=\"happyforms-part__label-container\">\n\t\t\t\t<label for=\"happyforms-24_single_line_text_0\" class=\"happyforms-part__label\">\n\t\t\t<span class=\"label\">Nombre<\/span>\n\t\t\t\t\t\t\t\t\t\t<span class=\"happyforms-required\"><\/span>\n\t\t\t\t\t\t\t\t\t\t<span class=\"happyforms-optional\">(opcional)<\/span>\n\t\t\t\t\t<\/label>\n\t\t\t<\/div>\n\t\t\t\n\t\t\n\t\t<div class=\"happyforms-part__el\">\n\t\t\t\n\t\t\t\n\t\t\t<div class=\"happyforms-input\">\n\t\t\t\t\n\t\t\t\t<input id=\"happyforms-24_single_line_text_0\" type=\"text\" name=\"24_single_line_text_0\" value=\"\" placeholder=\"\" autocomplete=\"off\" spellcheck=\"false\"  autocorrect=\"off\" \/>\n\t\t\t\t\t\t\t<\/div>\n\n\t\t\t\n\t\t\t\n\t\t\t\t\t<\/div>\n\t<\/div>\n<\/div>\n<div class=\"happyforms-form__part happyforms-part happyforms-part--single_line_text happyforms-part--width-half happyforms-part--label-above\" id=\"happyforms-24_single_line_text_1-part\" data-happyforms-type=\"single_line_text\" data-happyforms-id=\"single_line_text_1\" data-happyforms-required=\"\">\n\t<div class=\"happyforms-part-wrap\">\n\t\t\n\t\t\t\t\t\t<div class=\"happyforms-part__label-container\">\n\t\t\t\t<label for=\"happyforms-24_single_line_text_1\" class=\"happyforms-part__label\">\n\t\t\t<span class=\"label\">Apellidos<\/span>\n\t\t\t\t\t\t\t\t\t\t<span class=\"happyforms-required\"><\/span>\n\t\t\t\t\t\t\t\t\t\t<span class=\"happyforms-optional\">(opcional)<\/span>\n\t\t\t\t\t<\/label>\n\t\t\t<\/div>\n\t\t\t\n\t\t\n\t\t<div class=\"happyforms-part__el\">\n\t\t\t\n\t\t\t\n\t\t\t<div class=\"happyforms-input\">\n\t\t\t\t\n\t\t\t\t<input id=\"happyforms-24_single_line_text_1\" type=\"text\" name=\"24_single_line_text_1\" value=\"\" placeholder=\"\" autocomplete=\"off\" spellcheck=\"false\"  autocorrect=\"off\" \/>\n\t\t\t\t\t\t\t<\/div>\n\n\t\t\t\n\t\t\t\n\t\t\t\t\t<\/div>\n\t<\/div>\n<\/div>\n<div class=\"happyforms-part--with-autocomplete happyforms-form__part happyforms-part happyforms-part--email happyforms-part--width-full happyforms-part--label-above\" id=\"happyforms-24_email_5-part\" data-happyforms-type=\"email\" data-happyforms-id=\"email_5\" data-happyforms-required=\"\">\n\t\t<div class=\"happyforms-part-wrap\">\n\t\t\t\t\t\t<div class=\"happyforms-part__label-container\">\n\t\t\t\t<label for=\"happyforms-24_email_5\" class=\"happyforms-part__label\">\n\t\t\t<span class=\"label\">Email<\/span>\n\t\t\t\t\t\t\t\t\t\t<span class=\"happyforms-required\"><\/span>\n\t\t\t\t\t\t\t\t\t\t<span class=\"happyforms-optional\">(opcional)<\/span>\n\t\t\t\t\t<\/label>\n\t\t\t<\/div>\n\t\t\t\n\t\t\n\t\t<div class=\"happyforms-part__el\">\n\t\t\t\n\t\t\t\n\t\t\t<div class=\"happyforms-input\">\n\t\t\t\t<input type=\"email\" name=\"24_email_5\" id=\"happyforms-24_email_5\" value=\"\" placeholder=\"\" autocomplete=\"off\" spellcheck=\"false\"  autocorrect=\"off\" \/>\n\t\t\t\t\t\t\t<\/div>\n\n\t\t\t\n\t\t\t\n\t\t\t\t\t<\/div>\n\t<\/div>\n<\/div>\n<div class=\"happyforms-part--choice display-type--block happyforms-form__part happyforms-part happyforms-part--checkbox happyforms-part--width-full happyforms-part--label-above\" id=\"happyforms-24_checkbox_2-part\" data-happyforms-type=\"checkbox\" data-happyforms-id=\"checkbox_2\" data-happyforms-required=\"\">\n\t<div class=\"happyforms-part-wrap\">\n\t\t\t<div class=\"happyforms-part__label-container\">\n\t\t\t\t<label for=\"happyforms-24_checkbox_2\" class=\"happyforms-part__label\">\n\t\t\t<span class=\"label\">\u00bfEn qu\u00e9 podemos ayudarte?<\/span>\n\t\t\t\t\t\t\t\t\t\t<span class=\"happyforms-required\"><\/span>\n\t\t\t\t\t\t\t\t\t\t<span class=\"happyforms-optional\">(opcional)<\/span>\n\t\t\t\t\t<\/label>\n\t\t\t<\/div>\n\t\n\t\t\n\t\t\n\t\t<div class=\"happyforms-part__el\">\n\t\t\t\n\t\t\t\t\t\t\t\t\t\t<div class=\"happyforms-part__option happyforms-part-option\" id=\"checkbox_2_0\">\n\t\t\t\t<label class=\"option-label\">\n\t\t\t\t\t<input type=\"checkbox\" class=\"happyforms-visuallyhidden happyforms-checkbox\" name=\"24_checkbox_2[]\" value=\"0\" data-serialize  autocomplete=\"off\" spellcheck=\"false\"  >\n\t\t\t\t\t<span class=\"checkmark\"><svg xmlns=\"http:\/\/www.w3.org\/2000\/svg\" width=\"12\" height=\"12\" viewBox=\"0 0 24 24\"><path fill=\"currentColor\" d=\"M20.285 2l-11.285 11.567-5.286-5.011-3.714 3.716 9 8.728 15-15.285z\"\/><\/svg><\/span>\n\t\t\t\t\t<span class=\"label-wrap\">\n\t\t\t\t\t\t<span class=\"label\">Consulta<\/span>\t\t\t\t\t<\/span>\n\t\t\t\t<\/label>\n\t\t\t\t\t\t\t<\/div>\n\t\t\t\t\t\t\t\t\t\t<div class=\"happyforms-part__option happyforms-part-option\" id=\"checkbox_2_1\">\n\t\t\t\t<label class=\"option-label\">\n\t\t\t\t\t<input type=\"checkbox\" class=\"happyforms-visuallyhidden happyforms-checkbox\" name=\"24_checkbox_2[]\" value=\"1\" data-serialize  autocomplete=\"off\" spellcheck=\"false\"  >\n\t\t\t\t\t<span class=\"checkmark\"><svg xmlns=\"http:\/\/www.w3.org\/2000\/svg\" width=\"12\" height=\"12\" viewBox=\"0 0 24 24\"><path fill=\"currentColor\" d=\"M20.285 2l-11.285 11.567-5.286-5.011-3.714 3.716 9 8.728 15-15.285z\"\/><\/svg><\/span>\n\t\t\t\t\t<span class=\"label-wrap\">\n\t\t\t\t\t\t<span class=\"label\">Petici\u00f3n de presupuesto<\/span>\t\t\t\t\t<\/span>\n\t\t\t\t<\/label>\n\t\t\t\t\t\t\t<\/div>\n\t\t\t\t\t\t\t\t\t\t<div class=\"happyforms-part__option happyforms-part-option\" id=\"checkbox_2_2\">\n\t\t\t\t<label class=\"option-label\">\n\t\t\t\t\t<input type=\"checkbox\" class=\"happyforms-visuallyhidden happyforms-checkbox\" name=\"24_checkbox_2[]\" value=\"2\" data-serialize  autocomplete=\"off\" spellcheck=\"false\"  >\n\t\t\t\t\t<span class=\"checkmark\"><svg xmlns=\"http:\/\/www.w3.org\/2000\/svg\" width=\"12\" height=\"12\" viewBox=\"0 0 24 24\"><path fill=\"currentColor\" d=\"M20.285 2l-11.285 11.567-5.286-5.011-3.714 3.716 9 8.728 15-15.285z\"\/><\/svg><\/span>\n\t\t\t\t\t<span class=\"label-wrap\">\n\t\t\t\t\t\t<span class=\"label\">Otras cuestiones<\/span>\t\t\t\t\t<\/span>\n\t\t\t\t<\/label>\n\t\t\t\t\t\t\t<\/div>\n\t\t\t\n\t\t\t\n\t\t\t\t\t<\/div>\n\t<\/div>\n<\/div>\n<div class=\"happyforms-form__part happyforms-part happyforms-part--multi_line_text happyforms-part--width-full happyforms-part--label-above\" id=\"happyforms-24_multi_line_text_4-part\" data-happyforms-type=\"multi_line_text\" data-happyforms-id=\"multi_line_text_4\" data-happyforms-required=\"\">\n\t<div class=\"happyforms-part-wrap\">\n\t\t\t\t\t\t<div class=\"happyforms-part__label-container\">\n\t\t\t\t<label for=\"happyforms-24_multi_line_text_4\" class=\"happyforms-part__label\">\n\t\t\t<span class=\"label\">Tu mensaje<\/span>\n\t\t\t\t\t\t\t\t\t\t<span class=\"happyforms-required\"><\/span>\n\t\t\t\t\t\t\t\t\t\t<span class=\"happyforms-optional\">(opcional)<\/span>\n\t\t\t\t\t<\/label>\n\t\t\t<\/div>\n\t\t\t\n\t\t\n\t\t<div class=\"happyforms-part__el\">\n\t\t\t\n\t\t\t\t\t\t<textarea id=\"happyforms-24_multi_line_text_4\" name=\"24_multi_line_text_4\" rows=\"5\" placeholder=\"\" autocomplete=\"off\" spellcheck=\"false\" autocorrect=\"off\" ><\/textarea>\n\t\t\t\n\t\t\t\n\t\t\t\t\t<\/div>\n\t<\/div>\n<\/div>\n\t\t\t\t\t\t<div class=\"happyforms-form__part happyforms-part happyforms-part--submit\">\n\t\t<button type=\"submit\" class=\"happyforms-submit happyforms-button--submit \">SUBMIT<\/button>\n\t<\/div>\t\t<\/div>\n\n\t\t\t<\/form>\n\n\t<\/div>\n<br><\/div>\n<p><!-- \/wp:ninja-forms\/form --><\/p>\t\t\t\t\t<\/div>\n\t\t\t\t\t\t<\/div>\n\t\t\t\t<\/div>\n\t\t\t\t\t\t<\/div>\n\t\t\t\t\t<\/div>\n\t\t<\/div>\n\t\t\t\t\t\t\t\t<\/div>\n\t\t\t\t\t<\/div>\n\t\t<\/section>\n\t\t\t\t\t\t\t\t\t<\/div>\n\t\t\t<\/div>\n\t\t\t\t\t<\/div>\n\t\t","protected":false},"excerpt":{"rendered":"<p>P\u00eddenos presupuesto sin compromiso de cualquier cosa que necesites. Det\u00e1llanos qu\u00e9 es lo que necesitas, y nosotros nos pondremos en contacto a la mayor brevedad posible. D\u00e9janos un tel\u00e9fono donde contactar contigo.<\/p>\n","protected":false},"author":1,"featured_media":0,"parent":0,"menu_order":0,"comment_status":"closed","ping_status":"closed","template":"","meta":{"generate_page_header":""},"yoast_head":"<!-- This site is optimized with the Yoast SEO plugin v19.6.1 - https:\/\/yoast.com\/wordpress\/plugins\/seo\/ -->\n<title>p\u00eddenos presupuesto - Dise&ntilde;o para impacientes<\/title>\n<meta name=\"robots\" content=\"index, follow, max-snippet:-1, max-image-preview:large, max-video-preview:-1\" \/>\n<link rel=\"canonical\" href=\"https:\/\/disenoparaimpacientes.es\/?page_id=14421\" \/>\n<meta property=\"og:locale\" content=\"es_ES\" \/>\n<meta property=\"og:type\" content=\"article\" \/>\n<meta property=\"og:title\" content=\"p\u00eddenos presupuesto - Dise&ntilde;o para impacientes\" \/>\n<meta property=\"og:description\" content=\"P\u00eddenos presupuesto sin compromiso de cualquier cosa que necesites. Det\u00e1llanos qu\u00e9 es lo que necesitas, y nosotros nos pondremos en contacto a la mayor brevedad posible. D\u00e9janos un tel\u00e9fono donde contactar contigo.\" \/>\n<meta property=\"og:url\" content=\"https:\/\/disenoparaimpacientes.es\/?page_id=14421\" \/>\n<meta property=\"og:site_name\" content=\"Dise&ntilde;o para impacientes\" \/>\n<meta property=\"article:modified_time\" content=\"2022-04-15T08:11:31+00:00\" \/>\n<meta name=\"twitter:card\" content=\"summary_large_image\" \/>\n<meta name=\"twitter:label1\" content=\"Tiempo de lectura\" \/>\n\t<meta name=\"twitter:data1\" content=\"1 minuto\" \/>\n<script type=\"application\/ld+json\" class=\"yoast-schema-graph\">{\"@context\":\"https:\/\/schema.org\",\"@graph\":[{\"@type\":\"WebPage\",\"@id\":\"https:\/\/disenoparaimpacientes.es\/?page_id=14421\",\"url\":\"https:\/\/disenoparaimpacientes.es\/?page_id=14421\",\"name\":\"p\u00eddenos presupuesto - Dise&ntilde;o para impacientes\",\"isPartOf\":{\"@id\":\"https:\/\/disenoparaimpacientes.es\/#website\"},\"datePublished\":\"2019-01-31T19:24:16+00:00\",\"dateModified\":\"2022-04-15T08:11:31+00:00\",\"breadcrumb\":{\"@id\":\"https:\/\/disenoparaimpacientes.es\/?page_id=14421#breadcrumb\"},\"inLanguage\":\"es\",\"potentialAction\":[{\"@type\":\"ReadAction\",\"target\":[\"https:\/\/disenoparaimpacientes.es\/?page_id=14421\"]}]},{\"@type\":\"BreadcrumbList\",\"@id\":\"https:\/\/disenoparaimpacientes.es\/?page_id=14421#breadcrumb\",\"itemListElement\":[{\"@type\":\"ListItem\",\"position\":1,\"name\":\"Portada\",\"item\":\"https:\/\/disenoparaimpacientes.es\/\"},{\"@type\":\"ListItem\",\"position\":2,\"name\":\"p\u00eddenos presupuesto\"}]},{\"@type\":\"WebSite\",\"@id\":\"https:\/\/disenoparaimpacientes.es\/#website\",\"url\":\"https:\/\/disenoparaimpacientes.es\/\",\"name\":\"Dise&ntilde;o para impacientes\",\"description\":\"Dise&ntilde;o gr&aacute;fico para gente con prisa\",\"publisher\":{\"@id\":\"https:\/\/disenoparaimpacientes.es\/#organization\"},\"potentialAction\":[{\"@type\":\"SearchAction\",\"target\":{\"@type\":\"EntryPoint\",\"urlTemplate\":\"https:\/\/disenoparaimpacientes.es\/?s={search_term_string}\"},\"query-input\":\"required name=search_term_string\"}],\"inLanguage\":\"es\"},{\"@type\":\"Organization\",\"@id\":\"https:\/\/disenoparaimpacientes.es\/#organization\",\"name\":\"Dise&ntilde;o para impacientes\",\"url\":\"https:\/\/disenoparaimpacientes.es\/\",\"sameAs\":[],\"logo\":{\"@type\":\"ImageObject\",\"inLanguage\":\"es\",\"@id\":\"https:\/\/disenoparaimpacientes.es\/#\/schema\/logo\/image\/\",\"url\":\"https:\/\/disenoparaimpacientes.es\/wp-content\/uploads\/2021\/10\/Cabecera-nueva-DPI-2-scaled.jpg\",\"contentUrl\":\"https:\/\/disenoparaimpacientes.es\/wp-content\/uploads\/2021\/10\/Cabecera-nueva-DPI-2-scaled.jpg\",\"width\":2560,\"height\":1672,\"caption\":\"Dise&ntilde;o para impacientes\"},\"image\":{\"@id\":\"https:\/\/disenoparaimpacientes.es\/#\/schema\/logo\/image\/\"}}]}<\/script>\n<!-- \/ Yoast SEO plugin. -->","yoast_head_json":{"title":"p\u00eddenos presupuesto - Dise&ntilde;o para impacientes","robots":{"index":"index","follow":"follow","max-snippet":"max-snippet:-1","max-image-preview":"max-image-preview:large","max-video-preview":"max-video-preview:-1"},"canonical":"https:\/\/disenoparaimpacientes.es\/?page_id=14421","og_locale":"es_ES","og_type":"article","og_title":"p\u00eddenos presupuesto - Dise&ntilde;o para impacientes","og_description":"P\u00eddenos presupuesto sin compromiso de cualquier cosa que necesites. Det\u00e1llanos qu\u00e9 es lo que necesitas, y nosotros nos pondremos en contacto a la mayor brevedad posible. D\u00e9janos un tel\u00e9fono donde contactar contigo.","og_url":"https:\/\/disenoparaimpacientes.es\/?page_id=14421","og_site_name":"Dise&ntilde;o para impacientes","article_modified_time":"2022-04-15T08:11:31+00:00","twitter_card":"summary_large_image","twitter_misc":{"Tiempo de lectura":"1 minuto"},"schema":{"@context":"https:\/\/schema.org","@graph":[{"@type":"WebPage","@id":"https:\/\/disenoparaimpacientes.es\/?page_id=14421","url":"https:\/\/disenoparaimpacientes.es\/?page_id=14421","name":"p\u00eddenos presupuesto - Dise&ntilde;o para impacientes","isPartOf":{"@id":"https:\/\/disenoparaimpacientes.es\/#website"},"datePublished":"2019-01-31T19:24:16+00:00","dateModified":"2022-04-15T08:11:31+00:00","breadcrumb":{"@id":"https:\/\/disenoparaimpacientes.es\/?page_id=14421#breadcrumb"},"inLanguage":"es","potentialAction":[{"@type":"ReadAction","target":["https:\/\/disenoparaimpacientes.es\/?page_id=14421"]}]},{"@type":"BreadcrumbList","@id":"https:\/\/disenoparaimpacientes.es\/?page_id=14421#breadcrumb","itemListElement":[{"@type":"ListItem","position":1,"name":"Portada","item":"https:\/\/disenoparaimpacientes.es\/"},{"@type":"ListItem","position":2,"name":"p\u00eddenos presupuesto"}]},{"@type":"WebSite","@id":"https:\/\/disenoparaimpacientes.es\/#website","url":"https:\/\/disenoparaimpacientes.es\/","name":"Dise&ntilde;o para impacientes","description":"Dise&ntilde;o gr&aacute;fico para gente con prisa","publisher":{"@id":"https:\/\/disenoparaimpacientes.es\/#organization"},"potentialAction":[{"@type":"SearchAction","target":{"@type":"EntryPoint","urlTemplate":"https:\/\/disenoparaimpacientes.es\/?s={search_term_string}"},"query-input":"required name=search_term_string"}],"inLanguage":"es"},{"@type":"Organization","@id":"https:\/\/disenoparaimpacientes.es\/#organization","name":"Dise&ntilde;o para impacientes","url":"https:\/\/disenoparaimpacientes.es\/","sameAs":[],"logo":{"@type":"ImageObject","inLanguage":"es","@id":"https:\/\/disenoparaimpacientes.es\/#\/schema\/logo\/image\/","url":"https:\/\/disenoparaimpacientes.es\/wp-content\/uploads\/2021\/10\/Cabecera-nueva-DPI-2-scaled.jpg","contentUrl":"https:\/\/disenoparaimpacientes.es\/wp-content\/uploads\/2021\/10\/Cabecera-nueva-DPI-2-scaled.jpg","width":2560,"height":1672,"caption":"Dise&ntilde;o para impacientes"},"image":{"@id":"https:\/\/disenoparaimpacientes.es\/#\/schema\/logo\/image\/"}}]}},"jetpack_sharing_enabled":true,"jetpack_shortlink":"https:\/\/wp.me\/PaA1RI-3KB","_links":{"self":[{"href":"https:\/\/disenoparaimpacientes.es\/index.php?rest_route=\/wp\/v2\/pages\/14421"}],"collection":[{"href":"https:\/\/disenoparaimpacientes.es\/index.php?rest_route=\/wp\/v2\/pages"}],"about":[{"href":"https:\/\/disenoparaimpacientes.es\/index.php?rest_route=\/wp\/v2\/types\/page"}],"author":[{"embeddable":true,"href":"https:\/\/disenoparaimpacientes.es\/index.php?rest_route=\/wp\/v2\/users\/1"}],"replies":[{"embeddable":true,"href":"https:\/\/disenoparaimpacientes.es\/index.php?rest_route=%2Fwp%2Fv2%2Fcomments&post=14421"}],"version-history":[{"count":11,"href":"https:\/\/disenoparaimpacientes.es\/index.php?rest_route=\/wp\/v2\/pages\/14421\/revisions"}],"predecessor-version":[{"id":14794,"href":"https:\/\/disenoparaimpacientes.es\/index.php?rest_route=\/wp\/v2\/pages\/14421\/revisions\/14794"}],"wp:attachment":[{"href":"https:\/\/disenoparaimpacientes.es\/index.php?rest_route=%2Fwp%2Fv2%2Fmedia&parent=14421"}],"curies":[{"name":"wp","href":"https:\/\/api.w.org\/{rel}","templated":true}]}}