{"id":14321,"date":"2019-01-11T18:13:34","date_gmt":"2019-01-11T17:13:34","guid":{"rendered":"https:\/\/disenoparaimpacientes.es\/?page_id=14321"},"modified":"2021-02-16T19:08:59","modified_gmt":"2021-02-16T18:08:59","slug":"diseno-editorial","status":"publish","type":"page","link":"https:\/\/disenoparaimpacientes.es\/?page_id=14321","title":{"rendered":"Dise\u00f1o editorial"},"content":{"rendered":"\n<div class=\"wp-block-image\"><figure class=\"aligncenter\"><img loading=\"lazy\" width=\"1024\" height=\"686\" src=\"https:\/\/disenoparaimpacientes.es\/wp-content\/uploads\/2019\/01\/970-CON-TEXTO3-1-1024x686.jpg\" alt=\"\" class=\"wp-image-14342\" srcset=\"https:\/\/disenoparaimpacientes.es\/wp-content\/uploads\/2019\/01\/970-CON-TEXTO3-1-1024x686.jpg 1024w, https:\/\/disenoparaimpacientes.es\/wp-content\/uploads\/2019\/01\/970-CON-TEXTO3-1-300x201.jpg 300w, https:\/\/disenoparaimpacientes.es\/wp-content\/uploads\/2019\/01\/970-CON-TEXTO3-1-768x515.jpg 768w, https:\/\/disenoparaimpacientes.es\/wp-content\/uploads\/2019\/01\/970-CON-TEXTO3-1-600x402.jpg 600w, https:\/\/disenoparaimpacientes.es\/wp-content\/uploads\/2019\/01\/970-CON-TEXTO3-1.jpg 1641w\" sizes=\"(max-width: 1024px) 100vw, 1024px\" \/><\/figure><\/div>\n\n\n\n<p class=\"has-text-color\" style=\"color:#bec1c2\">\u00bfUn libro, una revista, un informe ejecutivo, una memoria anual&#8230;?<\/p>\n\n\n\n<p class=\"has-text-color\" style=\"color:#bec1c2\">En una \u00e9poca de crisis para el sector editorial, en que parece que s\u00f3lo tiene vigencia lo digital, puede que necesites hacer una edici\u00f3n en papel, aunque est\u00e9 complementada por otra en soporte digital interactiva.<\/p>\n\n\n\n<p class=\"has-text-color\" style=\"color:#bec1c2\">El glamour que sigue teniendo hojear una edici\u00f3n cuidada que plasme contenidos de la forma m\u00e1s elegante posible, es una experiencia que no puede igualar el contenido digital.<\/p>\n\n\n\n<p class=\"has-text-color\" style=\"color:#bec1c2\">La elecci\u00f3n del papel, los colores, la tipograf\u00eda, la diagramaci\u00f3n, etc pueden convertir un texto plano en un elemento \u00fanico, una obra de arte que perdurar\u00e1 en el tiempo, mucho m\u00e1s all\u00e1 de la volatilidad de los contenidos digitales.<\/p>\n\n\n\n<div class=\"wp-block-columns\">\n<div class=\"wp-block-column\">\n<figure class=\"wp-block-image size-large\"><a href=\"https:\/\/disenoparaimpacientes.es\/wp-content\/uploads\/2019\/01\/Portada-muestra-copia.jpg\"><img loading=\"lazy\" width=\"600\" height=\"604\" src=\"https:\/\/disenoparaimpacientes.es\/wp-content\/uploads\/2019\/01\/Portada-muestra-copia.jpg\" alt=\"\" class=\"wp-image-14349\" srcset=\"https:\/\/disenoparaimpacientes.es\/wp-content\/uploads\/2019\/01\/Portada-muestra-copia.jpg 600w, https:\/\/disenoparaimpacientes.es\/wp-content\/uploads\/2019\/01\/Portada-muestra-copia-150x150.jpg 150w, https:\/\/disenoparaimpacientes.es\/wp-content\/uploads\/2019\/01\/Portada-muestra-copia-298x300.jpg 298w, https:\/\/disenoparaimpacientes.es\/wp-content\/uploads\/2019\/01\/Portada-muestra-copia-45x45.jpg 45w, https:\/\/disenoparaimpacientes.es\/wp-content\/uploads\/2019\/01\/Portada-muestra-copia-100x100.jpg 100w\" sizes=\"(max-width: 600px) 100vw, 600px\" \/><\/a><figcaption>Portada revista CGE<\/figcaption><\/figure>\n<\/div>\n\n\n\n<div class=\"wp-block-column\">\n<figure class=\"wp-block-image size-large\"><a href=\"https:\/\/disenoparaimpacientes.es\/wp-content\/uploads\/2019\/01\/Montaje-Me-Ocupo.jpg\"><img loading=\"lazy\" width=\"1024\" height=\"1024\" src=\"https:\/\/disenoparaimpacientes.es\/wp-content\/uploads\/2019\/01\/Montaje-Me-Ocupo-1024x1024.jpg\" alt=\"\" class=\"wp-image-14353\" srcset=\"https:\/\/disenoparaimpacientes.es\/wp-content\/uploads\/2019\/01\/Montaje-Me-Ocupo-1024x1024.jpg 1024w, https:\/\/disenoparaimpacientes.es\/wp-content\/uploads\/2019\/01\/Montaje-Me-Ocupo-150x150.jpg 150w, https:\/\/disenoparaimpacientes.es\/wp-content\/uploads\/2019\/01\/Montaje-Me-Ocupo-300x300.jpg 300w, https:\/\/disenoparaimpacientes.es\/wp-content\/uploads\/2019\/01\/Montaje-Me-Ocupo-768x768.jpg 768w, https:\/\/disenoparaimpacientes.es\/wp-content\/uploads\/2019\/01\/Montaje-Me-Ocupo-45x45.jpg 45w, https:\/\/disenoparaimpacientes.es\/wp-content\/uploads\/2019\/01\/Montaje-Me-Ocupo-600x600.jpg 600w, https:\/\/disenoparaimpacientes.es\/wp-content\/uploads\/2019\/01\/Montaje-Me-Ocupo-100x100.jpg 100w, https:\/\/disenoparaimpacientes.es\/wp-content\/uploads\/2019\/01\/Montaje-Me-Ocupo.jpg 1080w\" sizes=\"(max-width: 1024px) 100vw, 1024px\" \/><\/a><figcaption>Dise\u00f1o y maqueta de p\u00e1ginas interiores de la publicaci\u00f3n: \u00abMe ocupo\u00bb<\/figcaption><\/figure>\n<\/div>\n<\/div>\n\n\n\n<div class=\"wp-block-columns\">\n<div class=\"wp-block-column\">\n<figure class=\"wp-block-image size-large\"><a href=\"https:\/\/disenoparaimpacientes.es\/wp-content\/uploads\/2019\/01\/Libro-Empleo.jpg\"><img loading=\"lazy\" width=\"1024\" height=\"1024\" src=\"https:\/\/disenoparaimpacientes.es\/wp-content\/uploads\/2019\/01\/Libro-Empleo-1024x1024.jpg\" alt=\"\" class=\"wp-image-14374\" srcset=\"https:\/\/disenoparaimpacientes.es\/wp-content\/uploads\/2019\/01\/Libro-Empleo-1024x1024.jpg 1024w, https:\/\/disenoparaimpacientes.es\/wp-content\/uploads\/2019\/01\/Libro-Empleo-150x150.jpg 150w, https:\/\/disenoparaimpacientes.es\/wp-content\/uploads\/2019\/01\/Libro-Empleo-300x300.jpg 300w, https:\/\/disenoparaimpacientes.es\/wp-content\/uploads\/2019\/01\/Libro-Empleo-768x768.jpg 768w, https:\/\/disenoparaimpacientes.es\/wp-content\/uploads\/2019\/01\/Libro-Empleo-45x45.jpg 45w, https:\/\/disenoparaimpacientes.es\/wp-content\/uploads\/2019\/01\/Libro-Empleo-600x600.jpg 600w, https:\/\/disenoparaimpacientes.es\/wp-content\/uploads\/2019\/01\/Libro-Empleo-100x100.jpg 100w\" sizes=\"(max-width: 1024px) 100vw, 1024px\" \/><\/a><\/figure>\n<\/div>\n\n\n\n<div class=\"wp-block-column\">\n<figure class=\"wp-block-image size-large\"><a href=\"https:\/\/disenoparaimpacientes.es\/wp-content\/uploads\/2019\/01\/Montaje-libro-urgencias.jpg\"><img loading=\"lazy\" width=\"1024\" height=\"1024\" src=\"https:\/\/disenoparaimpacientes.es\/wp-content\/uploads\/2019\/01\/Montaje-libro-urgencias-1024x1024.jpg\" alt=\"\" class=\"wp-image-14375\" srcset=\"https:\/\/disenoparaimpacientes.es\/wp-content\/uploads\/2019\/01\/Montaje-libro-urgencias-1024x1024.jpg 1024w, https:\/\/disenoparaimpacientes.es\/wp-content\/uploads\/2019\/01\/Montaje-libro-urgencias-150x150.jpg 150w, https:\/\/disenoparaimpacientes.es\/wp-content\/uploads\/2019\/01\/Montaje-libro-urgencias-300x300.jpg 300w, https:\/\/disenoparaimpacientes.es\/wp-content\/uploads\/2019\/01\/Montaje-libro-urgencias-768x768.jpg 768w, https:\/\/disenoparaimpacientes.es\/wp-content\/uploads\/2019\/01\/Montaje-libro-urgencias-45x45.jpg 45w, https:\/\/disenoparaimpacientes.es\/wp-content\/uploads\/2019\/01\/Montaje-libro-urgencias-600x600.jpg 600w, https:\/\/disenoparaimpacientes.es\/wp-content\/uploads\/2019\/01\/Montaje-libro-urgencias-100x100.jpg 100w\" sizes=\"(max-width: 1024px) 100vw, 1024px\" \/><\/a><\/figure>\n<\/div>\n<\/div>\n\n\n\n<div class=\"wp-block-columns\">\n<div class=\"wp-block-column\">\n<figure class=\"wp-block-image size-large\"><a href=\"https:\/\/disenoparaimpacientes.es\/wp-content\/uploads\/2019\/01\/Libro-Maite-Soy.jpg\"><img loading=\"lazy\" width=\"1024\" height=\"1024\" src=\"https:\/\/disenoparaimpacientes.es\/wp-content\/uploads\/2019\/01\/Libro-Maite-Soy-1024x1024.jpg\" alt=\"\" class=\"wp-image-14378\" srcset=\"https:\/\/disenoparaimpacientes.es\/wp-content\/uploads\/2019\/01\/Libro-Maite-Soy-1024x1024.jpg 1024w, https:\/\/disenoparaimpacientes.es\/wp-content\/uploads\/2019\/01\/Libro-Maite-Soy-150x150.jpg 150w, https:\/\/disenoparaimpacientes.es\/wp-content\/uploads\/2019\/01\/Libro-Maite-Soy-300x300.jpg 300w, https:\/\/disenoparaimpacientes.es\/wp-content\/uploads\/2019\/01\/Libro-Maite-Soy-768x768.jpg 768w, https:\/\/disenoparaimpacientes.es\/wp-content\/uploads\/2019\/01\/Libro-Maite-Soy-45x45.jpg 45w, https:\/\/disenoparaimpacientes.es\/wp-content\/uploads\/2019\/01\/Libro-Maite-Soy-600x600.jpg 600w, https:\/\/disenoparaimpacientes.es\/wp-content\/uploads\/2019\/01\/Libro-Maite-Soy-100x100.jpg 100w, https:\/\/disenoparaimpacientes.es\/wp-content\/uploads\/2019\/01\/Libro-Maite-Soy.jpg 1302w\" sizes=\"(max-width: 1024px) 100vw, 1024px\" \/><\/a><\/figure>\n<\/div>\n\n\n\n<div class=\"wp-block-column\">\n<figure class=\"wp-block-image size-large\"><a href=\"https:\/\/disenoparaimpacientes.es\/wp-content\/uploads\/2021\/02\/Imagen-libro-humilde.jpg\"><img loading=\"lazy\" width=\"980\" height=\"980\" src=\"https:\/\/disenoparaimpacientes.es\/wp-content\/uploads\/2021\/02\/Imagen-libro-humilde.jpg\" alt=\"\" class=\"wp-image-14580\" srcset=\"https:\/\/disenoparaimpacientes.es\/wp-content\/uploads\/2021\/02\/Imagen-libro-humilde.jpg 980w, https:\/\/disenoparaimpacientes.es\/wp-content\/uploads\/2021\/02\/Imagen-libro-humilde-300x300.jpg 300w, https:\/\/disenoparaimpacientes.es\/wp-content\/uploads\/2021\/02\/Imagen-libro-humilde-150x150.jpg 150w, https:\/\/disenoparaimpacientes.es\/wp-content\/uploads\/2021\/02\/Imagen-libro-humilde-768x768.jpg 768w, https:\/\/disenoparaimpacientes.es\/wp-content\/uploads\/2021\/02\/Imagen-libro-humilde-45x45.jpg 45w, https:\/\/disenoparaimpacientes.es\/wp-content\/uploads\/2021\/02\/Imagen-libro-humilde-600x600.jpg 600w, https:\/\/disenoparaimpacientes.es\/wp-content\/uploads\/2021\/02\/Imagen-libro-humilde-100x100.jpg 100w\" sizes=\"(max-width: 980px) 100vw, 980px\" \/><\/a><\/figure>\n<\/div>\n<\/div>\n","protected":false},"excerpt":{"rendered":"<p>\u00bfUn libro, una revista, un informe ejecutivo, una memoria anual&#8230;? En una \u00e9poca de crisis para el sector editorial, en que parece que s\u00f3lo tiene vigencia lo digital, puede que necesites hacer una edici\u00f3n en papel, aunque est\u00e9 complementada por otra en soporte digital interactiva. El glamour que sigue teniendo hojear una edici\u00f3n cuidada que &#8230; <\/p>\n<p class=\"read-more-container\"><a title=\"Dise\u00f1o editorial\" class=\"read-more button\" href=\"https:\/\/disenoparaimpacientes.es\/?page_id=14321#more-14321\">Read more<span class=\"screen-reader-text\">Dise\u00f1o editorial<\/span><\/a><\/p>\n","protected":false},"author":1,"featured_media":0,"parent":0,"menu_order":0,"comment_status":"closed","ping_status":"closed","template":"","meta":{"generate_page_header":""},"yoast_head":"<!-- This site is optimized with the Yoast SEO plugin v19.6.1 - https:\/\/yoast.com\/wordpress\/plugins\/seo\/ -->\n<title>Dise\u00f1o editorial - Dise&ntilde;o para impacientes - El mejor dise\u00f1o para libros<\/title>\n<meta name=\"description\" content=\"Dise\u00f1o gr\u00e1fico para gente con prisa. Identidad corporativa, dise\u00f1o web, publicidad, infograf\u00edas, logotipos, se\u00f1alizaci\u00f3n, dise\u00f1o editorial.\" \/>\n<meta name=\"robots\" content=\"index, follow, max-snippet:-1, max-image-preview:large, max-video-preview:-1\" \/>\n<link rel=\"canonical\" href=\"https:\/\/disenoparaimpacientes.es\/?page_id=14321\" \/>\n<meta property=\"og:locale\" content=\"es_ES\" \/>\n<meta property=\"og:type\" content=\"article\" \/>\n<meta property=\"og:title\" content=\"Dise\u00f1o editorial - Dise&ntilde;o para impacientes - El mejor dise\u00f1o para libros\" \/>\n<meta property=\"og:description\" content=\"Dise\u00f1o gr\u00e1fico para gente con prisa. Identidad corporativa, dise\u00f1o web, publicidad, infograf\u00edas, logotipos, se\u00f1alizaci\u00f3n, dise\u00f1o editorial.\" \/>\n<meta property=\"og:url\" content=\"https:\/\/disenoparaimpacientes.es\/?page_id=14321\" \/>\n<meta property=\"og:site_name\" content=\"Dise&ntilde;o para impacientes\" \/>\n<meta property=\"article:modified_time\" content=\"2021-02-16T18:08:59+00:00\" \/>\n<meta property=\"og:image\" content=\"https:\/\/disenoparaimpacientes.es\/wp-content\/uploads\/2019\/01\/970-CON-TEXTO3-1-1024x686.jpg\" \/>\n<meta name=\"twitter:card\" content=\"summary_large_image\" \/>\n<meta name=\"twitter:label1\" content=\"Tiempo de lectura\" \/>\n\t<meta name=\"twitter:data1\" content=\"2 minutos\" \/>\n<script type=\"application\/ld+json\" class=\"yoast-schema-graph\">{\"@context\":\"https:\/\/schema.org\",\"@graph\":[{\"@type\":\"WebPage\",\"@id\":\"https:\/\/disenoparaimpacientes.es\/?page_id=14321\",\"url\":\"https:\/\/disenoparaimpacientes.es\/?page_id=14321\",\"name\":\"Dise\u00f1o editorial - Dise&ntilde;o para impacientes - El mejor dise\u00f1o para libros\",\"isPartOf\":{\"@id\":\"https:\/\/disenoparaimpacientes.es\/#website\"},\"datePublished\":\"2019-01-11T17:13:34+00:00\",\"dateModified\":\"2021-02-16T18:08:59+00:00\",\"description\":\"Dise\u00f1o gr\u00e1fico para gente con prisa. Identidad corporativa, dise\u00f1o web, publicidad, infograf\u00edas, logotipos, se\u00f1alizaci\u00f3n, dise\u00f1o editorial.\",\"breadcrumb\":{\"@id\":\"https:\/\/disenoparaimpacientes.es\/?page_id=14321#breadcrumb\"},\"inLanguage\":\"es\",\"potentialAction\":[{\"@type\":\"ReadAction\",\"target\":[\"https:\/\/disenoparaimpacientes.es\/?page_id=14321\"]}]},{\"@type\":\"BreadcrumbList\",\"@id\":\"https:\/\/disenoparaimpacientes.es\/?page_id=14321#breadcrumb\",\"itemListElement\":[{\"@type\":\"ListItem\",\"position\":1,\"name\":\"Portada\",\"item\":\"https:\/\/disenoparaimpacientes.es\/\"},{\"@type\":\"ListItem\",\"position\":2,\"name\":\"Dise\u00f1o editorial\"}]},{\"@type\":\"WebSite\",\"@id\":\"https:\/\/disenoparaimpacientes.es\/#website\",\"url\":\"https:\/\/disenoparaimpacientes.es\/\",\"name\":\"Dise&ntilde;o para impacientes\",\"description\":\"Dise&ntilde;o gr&aacute;fico para gente con prisa\",\"publisher\":{\"@id\":\"https:\/\/disenoparaimpacientes.es\/#organization\"},\"potentialAction\":[{\"@type\":\"SearchAction\",\"target\":{\"@type\":\"EntryPoint\",\"urlTemplate\":\"https:\/\/disenoparaimpacientes.es\/?s={search_term_string}\"},\"query-input\":\"required name=search_term_string\"}],\"inLanguage\":\"es\"},{\"@type\":\"Organization\",\"@id\":\"https:\/\/disenoparaimpacientes.es\/#organization\",\"name\":\"Dise&ntilde;o para impacientes\",\"url\":\"https:\/\/disenoparaimpacientes.es\/\",\"sameAs\":[],\"logo\":{\"@type\":\"ImageObject\",\"inLanguage\":\"es\",\"@id\":\"https:\/\/disenoparaimpacientes.es\/#\/schema\/logo\/image\/\",\"url\":\"https:\/\/disenoparaimpacientes.es\/wp-content\/uploads\/2021\/10\/Cabecera-nueva-DPI-2-scaled.jpg\",\"contentUrl\":\"https:\/\/disenoparaimpacientes.es\/wp-content\/uploads\/2021\/10\/Cabecera-nueva-DPI-2-scaled.jpg\",\"width\":2560,\"height\":1672,\"caption\":\"Dise&ntilde;o para impacientes\"},\"image\":{\"@id\":\"https:\/\/disenoparaimpacientes.es\/#\/schema\/logo\/image\/\"}}]}<\/script>\n<!-- \/ Yoast SEO plugin. -->","yoast_head_json":{"title":"Dise\u00f1o editorial - Dise&ntilde;o para impacientes - El mejor dise\u00f1o para libros","description":"Dise\u00f1o gr\u00e1fico para gente con prisa. Identidad corporativa, dise\u00f1o web, publicidad, infograf\u00edas, logotipos, se\u00f1alizaci\u00f3n, dise\u00f1o editorial.","robots":{"index":"index","follow":"follow","max-snippet":"max-snippet:-1","max-image-preview":"max-image-preview:large","max-video-preview":"max-video-preview:-1"},"canonical":"https:\/\/disenoparaimpacientes.es\/?page_id=14321","og_locale":"es_ES","og_type":"article","og_title":"Dise\u00f1o editorial - Dise&ntilde;o para impacientes - El mejor dise\u00f1o para libros","og_description":"Dise\u00f1o gr\u00e1fico para gente con prisa. Identidad corporativa, dise\u00f1o web, publicidad, infograf\u00edas, logotipos, se\u00f1alizaci\u00f3n, dise\u00f1o editorial.","og_url":"https:\/\/disenoparaimpacientes.es\/?page_id=14321","og_site_name":"Dise&ntilde;o para impacientes","article_modified_time":"2021-02-16T18:08:59+00:00","og_image":[{"url":"https:\/\/disenoparaimpacientes.es\/wp-content\/uploads\/2019\/01\/970-CON-TEXTO3-1-1024x686.jpg"}],"twitter_card":"summary_large_image","twitter_misc":{"Tiempo de lectura":"2 minutos"},"schema":{"@context":"https:\/\/schema.org","@graph":[{"@type":"WebPage","@id":"https:\/\/disenoparaimpacientes.es\/?page_id=14321","url":"https:\/\/disenoparaimpacientes.es\/?page_id=14321","name":"Dise\u00f1o editorial - Dise&ntilde;o para impacientes - El mejor dise\u00f1o para libros","isPartOf":{"@id":"https:\/\/disenoparaimpacientes.es\/#website"},"datePublished":"2019-01-11T17:13:34+00:00","dateModified":"2021-02-16T18:08:59+00:00","description":"Dise\u00f1o gr\u00e1fico para gente con prisa. Identidad corporativa, dise\u00f1o web, publicidad, infograf\u00edas, logotipos, se\u00f1alizaci\u00f3n, dise\u00f1o editorial.","breadcrumb":{"@id":"https:\/\/disenoparaimpacientes.es\/?page_id=14321#breadcrumb"},"inLanguage":"es","potentialAction":[{"@type":"ReadAction","target":["https:\/\/disenoparaimpacientes.es\/?page_id=14321"]}]},{"@type":"BreadcrumbList","@id":"https:\/\/disenoparaimpacientes.es\/?page_id=14321#breadcrumb","itemListElement":[{"@type":"ListItem","position":1,"name":"Portada","item":"https:\/\/disenoparaimpacientes.es\/"},{"@type":"ListItem","position":2,"name":"Dise\u00f1o editorial"}]},{"@type":"WebSite","@id":"https:\/\/disenoparaimpacientes.es\/#website","url":"https:\/\/disenoparaimpacientes.es\/","name":"Dise&ntilde;o para impacientes","description":"Dise&ntilde;o gr&aacute;fico para gente con prisa","publisher":{"@id":"https:\/\/disenoparaimpacientes.es\/#organization"},"potentialAction":[{"@type":"SearchAction","target":{"@type":"EntryPoint","urlTemplate":"https:\/\/disenoparaimpacientes.es\/?s={search_term_string}"},"query-input":"required name=search_term_string"}],"inLanguage":"es"},{"@type":"Organization","@id":"https:\/\/disenoparaimpacientes.es\/#organization","name":"Dise&ntilde;o para impacientes","url":"https:\/\/disenoparaimpacientes.es\/","sameAs":[],"logo":{"@type":"ImageObject","inLanguage":"es","@id":"https:\/\/disenoparaimpacientes.es\/#\/schema\/logo\/image\/","url":"https:\/\/disenoparaimpacientes.es\/wp-content\/uploads\/2021\/10\/Cabecera-nueva-DPI-2-scaled.jpg","contentUrl":"https:\/\/disenoparaimpacientes.es\/wp-content\/uploads\/2021\/10\/Cabecera-nueva-DPI-2-scaled.jpg","width":2560,"height":1672,"caption":"Dise&ntilde;o para impacientes"},"image":{"@id":"https:\/\/disenoparaimpacientes.es\/#\/schema\/logo\/image\/"}}]}},"jetpack_sharing_enabled":true,"jetpack_shortlink":"https:\/\/wp.me\/PaA1RI-3IZ","_links":{"self":[{"href":"https:\/\/disenoparaimpacientes.es\/index.php?rest_route=\/wp\/v2\/pages\/14321"}],"collection":[{"href":"https:\/\/disenoparaimpacientes.es\/index.php?rest_route=\/wp\/v2\/pages"}],"about":[{"href":"https:\/\/disenoparaimpacientes.es\/index.php?rest_route=\/wp\/v2\/types\/page"}],"author":[{"embeddable":true,"href":"https:\/\/disenoparaimpacientes.es\/index.php?rest_route=\/wp\/v2\/users\/1"}],"replies":[{"embeddable":true,"href":"https:\/\/disenoparaimpacientes.es\/index.php?rest_route=%2Fwp%2Fv2%2Fcomments&post=14321"}],"version-history":[{"count":16,"href":"https:\/\/disenoparaimpacientes.es\/index.php?rest_route=\/wp\/v2\/pages\/14321\/revisions"}],"predecessor-version":[{"id":14582,"href":"https:\/\/disenoparaimpacientes.es\/index.php?rest_route=\/wp\/v2\/pages\/14321\/revisions\/14582"}],"wp:attachment":[{"href":"https:\/\/disenoparaimpacientes.es\/index.php?rest_route=%2Fwp%2Fv2%2Fmedia&parent=14321"}],"curies":[{"name":"wp","href":"https:\/\/api.w.org\/{rel}","templated":true}]}}