{"id":14219,"date":"2019-01-04T12:46:16","date_gmt":"2019-01-04T11:46:16","guid":{"rendered":"https:\/\/disenoparaimpacientes.es\/?page_id=14219"},"modified":"2022-04-15T10:53:24","modified_gmt":"2022-04-15T08:53:24","slug":"diseno-web","status":"publish","type":"page","link":"https:\/\/disenoparaimpacientes.es\/?page_id=14219","title":{"rendered":"Dise\u00f1o web"},"content":{"rendered":"\t\t<div data-elementor-type=\"wp-post\" data-elementor-id=\"14219\" class=\"elementor elementor-14219\">\n\t\t\t\t\t\t<div class=\"elementor-inner\">\n\t\t\t\t<div class=\"elementor-section-wrap\">\n\t\t\t\t\t\t\t\t\t<section class=\"elementor-section elementor-top-section elementor-element elementor-element-294ba6ce elementor-section-boxed elementor-section-height-default elementor-section-height-default\" data-id=\"294ba6ce\" data-element_type=\"section\">\n\t\t\t\t\t\t<div class=\"elementor-container elementor-column-gap-default\">\n\t\t\t\t\t\t\t<div class=\"elementor-row\">\n\t\t\t\t\t<div class=\"elementor-column elementor-col-100 elementor-top-column elementor-element elementor-element-63195d29\" data-id=\"63195d29\" data-element_type=\"column\">\n\t\t\t<div class=\"elementor-column-wrap elementor-element-populated\">\n\t\t\t\t\t\t\t<div class=\"elementor-widget-wrap\">\n\t\t\t\t\t\t<div class=\"elementor-element elementor-element-44242a99 elementor-widget elementor-widget-text-editor\" data-id=\"44242a99\" data-element_type=\"widget\" data-widget_type=\"text-editor.default\">\n\t\t\t\t<div class=\"elementor-widget-container\">\n\t\t\t\t\t\t\t\t<div class=\"elementor-text-editor elementor-clearfix\">\n\t\t\t\t<!-- wp:image {\"id\":14299} -->\n<figure class=\"wp-block-image\"><img loading=\"lazy\" width=\"1641\" height=\"1100\" class=\"wp-image-14299\" src=\"https:\/\/disenoparaimpacientes.es\/wp-content\/uploads\/2019\/01\/970-CON-TEXTO2.jpg\" alt=\"\" srcset=\"https:\/\/disenoparaimpacientes.es\/wp-content\/uploads\/2019\/01\/970-CON-TEXTO2.jpg 1641w, https:\/\/disenoparaimpacientes.es\/wp-content\/uploads\/2019\/01\/970-CON-TEXTO2-300x201.jpg 300w, https:\/\/disenoparaimpacientes.es\/wp-content\/uploads\/2019\/01\/970-CON-TEXTO2-768x515.jpg 768w, https:\/\/disenoparaimpacientes.es\/wp-content\/uploads\/2019\/01\/970-CON-TEXTO2-1024x686.jpg 1024w, https:\/\/disenoparaimpacientes.es\/wp-content\/uploads\/2019\/01\/970-CON-TEXTO2-600x402.jpg 600w\" sizes=\"(max-width: 1641px) 100vw, 1641px\" \/><\/figure>\n<!-- \/wp:image --><!-- wp:image {\"align\":\"center\",\"id\":14410} -->\n<div class=\"wp-block-image\">\n<figure class=\"aligncenter\"><a href=\"https:\/\/disenoparaimpacientes.es\/wp-content\/uploads\/2021\/03\/Ejemplo-diseno-web-sumher-copia-scaled.jpg\"><img loading=\"lazy\" class=\"alignnone wp-image-14610 size-full\" src=\"https:\/\/disenoparaimpacientes.es\/wp-content\/uploads\/2021\/03\/Ejemplo-diseno-web-sumher-copia-scaled.jpg\" alt=\"\" width=\"2560\" height=\"1707\" srcset=\"https:\/\/disenoparaimpacientes.es\/wp-content\/uploads\/2021\/03\/Ejemplo-diseno-web-sumher-copia-scaled.jpg 2560w, https:\/\/disenoparaimpacientes.es\/wp-content\/uploads\/2021\/03\/Ejemplo-diseno-web-sumher-copia-300x200.jpg 300w, https:\/\/disenoparaimpacientes.es\/wp-content\/uploads\/2021\/03\/Ejemplo-diseno-web-sumher-copia-1024x683.jpg 1024w, https:\/\/disenoparaimpacientes.es\/wp-content\/uploads\/2021\/03\/Ejemplo-diseno-web-sumher-copia-768x512.jpg 768w, https:\/\/disenoparaimpacientes.es\/wp-content\/uploads\/2021\/03\/Ejemplo-diseno-web-sumher-copia-1536x1024.jpg 1536w, https:\/\/disenoparaimpacientes.es\/wp-content\/uploads\/2021\/03\/Ejemplo-diseno-web-sumher-copia-2048x1365.jpg 2048w, https:\/\/disenoparaimpacientes.es\/wp-content\/uploads\/2021\/03\/Ejemplo-diseno-web-sumher-copia-600x400.jpg 600w\" sizes=\"(max-width: 2560px) 100vw, 2560px\" \/><\/a>\n<figcaption>Dise\u00f1o e implementaci\u00f3n de la web de comercio online para la empresa de suministros \u00abComercial SUMHER BCN\u00bb<br \/><br \/><a href=\"https:\/\/disenoparaimpacientes.es\/wp-content\/uploads\/2022\/04\/Web-casasycosas.png\"><img loading=\"lazy\" class=\"alignnone wp-image-14800 size-large\" src=\"https:\/\/disenoparaimpacientes.es\/wp-content\/uploads\/2022\/04\/Web-casasycosas-1024x535.png\" alt=\"\" width=\"1024\" height=\"535\" srcset=\"https:\/\/disenoparaimpacientes.es\/wp-content\/uploads\/2022\/04\/Web-casasycosas-1024x535.png 1024w, https:\/\/disenoparaimpacientes.es\/wp-content\/uploads\/2022\/04\/Web-casasycosas-300x157.png 300w, https:\/\/disenoparaimpacientes.es\/wp-content\/uploads\/2022\/04\/Web-casasycosas-768x401.png 768w, https:\/\/disenoparaimpacientes.es\/wp-content\/uploads\/2022\/04\/Web-casasycosas-1536x803.png 1536w, https:\/\/disenoparaimpacientes.es\/wp-content\/uploads\/2022\/04\/Web-casasycosas-600x314.png 600w, https:\/\/disenoparaimpacientes.es\/wp-content\/uploads\/2022\/04\/Web-casasycosas.png 1887w\" sizes=\"(max-width: 1024px) 100vw, 1024px\" \/><\/a><\/figcaption>\n<\/figure>\n<\/div>\n<!-- \/wp:image --><!-- wp:image {\"align\":\"center\",\"id\":14411} -->\n<div class=\"wp-block-image\">\n<figure>Homesite de la p\u00e1gina de temas relacionados con el bricolaje y el hogar<\/figure>\n<p>\u00a0<\/p>\n<figure class=\"aligncenter\"><a href=\"https:\/\/disenoparaimpacientes.es\/wp-content\/uploads\/2021\/03\/Ejemplo-web-el-zaguan-scaled.jpg\"><img loading=\"lazy\" class=\"alignnone wp-image-14615 size-large\" src=\"https:\/\/disenoparaimpacientes.es\/wp-content\/uploads\/2021\/03\/Ejemplo-web-el-zaguan-1024x683.jpg\" alt=\"\" width=\"1024\" height=\"683\" srcset=\"https:\/\/disenoparaimpacientes.es\/wp-content\/uploads\/2021\/03\/Ejemplo-web-el-zaguan-1024x683.jpg 1024w, https:\/\/disenoparaimpacientes.es\/wp-content\/uploads\/2021\/03\/Ejemplo-web-el-zaguan-300x200.jpg 300w, https:\/\/disenoparaimpacientes.es\/wp-content\/uploads\/2021\/03\/Ejemplo-web-el-zaguan-768x512.jpg 768w, https:\/\/disenoparaimpacientes.es\/wp-content\/uploads\/2021\/03\/Ejemplo-web-el-zaguan-1536x1024.jpg 1536w, https:\/\/disenoparaimpacientes.es\/wp-content\/uploads\/2021\/03\/Ejemplo-web-el-zaguan-2048x1365.jpg 2048w, https:\/\/disenoparaimpacientes.es\/wp-content\/uploads\/2021\/03\/Ejemplo-web-el-zaguan-600x400.jpg 600w\" sizes=\"(max-width: 1024px) 100vw, 1024px\" \/><\/a>Dise\u00f1o e implementaci\u00f3n de la web de comercio online \u00abEl zagu\u00e1n crochet y m\u00e1s\u00bb, dedicada a productos manufacturados para ni\u00f1os y beb\u00e9s.<\/figure>\n<\/div>\n<!-- \/wp:image --><!-- wp:image {\"align\":\"center\",\"id\":14431} -->\n<div class=\"wp-block-image\">\n<figure class=\"aligncenter\"><img loading=\"lazy\" width=\"1024\" height=\"1024\" class=\"wp-image-14431\" src=\"https:\/\/disenoparaimpacientes.es\/wp-content\/uploads\/2019\/02\/Web-Nonambig-3-1024x1024.jpg\" alt=\"\" srcset=\"https:\/\/disenoparaimpacientes.es\/wp-content\/uploads\/2019\/02\/Web-Nonambig-3-1024x1024.jpg 1024w, https:\/\/disenoparaimpacientes.es\/wp-content\/uploads\/2019\/02\/Web-Nonambig-3-150x150.jpg 150w, https:\/\/disenoparaimpacientes.es\/wp-content\/uploads\/2019\/02\/Web-Nonambig-3-300x300.jpg 300w, https:\/\/disenoparaimpacientes.es\/wp-content\/uploads\/2019\/02\/Web-Nonambig-3-768x768.jpg 768w, https:\/\/disenoparaimpacientes.es\/wp-content\/uploads\/2019\/02\/Web-Nonambig-3-45x45.jpg 45w, https:\/\/disenoparaimpacientes.es\/wp-content\/uploads\/2019\/02\/Web-Nonambig-3-600x600.jpg 600w, https:\/\/disenoparaimpacientes.es\/wp-content\/uploads\/2019\/02\/Web-Nonambig-3-100x100.jpg 100w\" sizes=\"(max-width: 1024px) 100vw, 1024px\" \/><\/figure>\n<\/div>\n<!-- \/wp:image --><!-- wp:image {\"align\":\"center\",\"id\":14434} -->\n<div class=\"wp-block-image\">\n<figure class=\"aligncenter\"><img loading=\"lazy\" width=\"1024\" height=\"1024\" class=\"wp-image-14434\" src=\"https:\/\/disenoparaimpacientes.es\/wp-content\/uploads\/2019\/02\/Web-Pilar-1024x1024.jpg\" alt=\"\" srcset=\"https:\/\/disenoparaimpacientes.es\/wp-content\/uploads\/2019\/02\/Web-Pilar-1024x1024.jpg 1024w, https:\/\/disenoparaimpacientes.es\/wp-content\/uploads\/2019\/02\/Web-Pilar-150x150.jpg 150w, https:\/\/disenoparaimpacientes.es\/wp-content\/uploads\/2019\/02\/Web-Pilar-300x300.jpg 300w, https:\/\/disenoparaimpacientes.es\/wp-content\/uploads\/2019\/02\/Web-Pilar-768x768.jpg 768w, https:\/\/disenoparaimpacientes.es\/wp-content\/uploads\/2019\/02\/Web-Pilar-45x45.jpg 45w, https:\/\/disenoparaimpacientes.es\/wp-content\/uploads\/2019\/02\/Web-Pilar-600x600.jpg 600w, https:\/\/disenoparaimpacientes.es\/wp-content\/uploads\/2019\/02\/Web-Pilar-100x100.jpg 100w, https:\/\/disenoparaimpacientes.es\/wp-content\/uploads\/2019\/02\/Web-Pilar.jpg 1772w\" sizes=\"(max-width: 1024px) 100vw, 1024px\" \/>P\u00e1gina web del porfolio de la pintora Pilar Fern\u00e1ndez<\/figure>\n<\/div>\n<!-- \/wp:image -->\t\t\t\t\t<\/div>\n\t\t\t\t\t\t<\/div>\n\t\t\t\t<\/div>\n\t\t\t\t\t\t<\/div>\n\t\t\t\t\t<\/div>\n\t\t<\/div>\n\t\t\t\t\t\t\t\t<\/div>\n\t\t\t\t\t<\/div>\n\t\t<\/section>\n\t\t\t\t\t\t\t\t\t<\/div>\n\t\t\t<\/div>\n\t\t\t\t\t<\/div>\n\t\t","protected":false},"excerpt":{"rendered":"","protected":false},"author":1,"featured_media":0,"parent":0,"menu_order":0,"comment_status":"closed","ping_status":"closed","template":"","meta":{"generate_page_header":""},"yoast_head":"<!-- This site is optimized with the Yoast SEO plugin v19.6.1 - https:\/\/yoast.com\/wordpress\/plugins\/seo\/ -->\n<title>Dise\u00f1o web - Dise&ntilde;o para impacientes Creaci\u00f3n de tiendas on-line<\/title>\n<meta name=\"description\" content=\"Dise\u00f1o, gesti\u00f3n y mantenimiento de sitios web, con implementaci\u00f3n de comercio electr\u00f3nico en caso de requerirlo. Precios ajustados. Registro de dominios y hosting.\" \/>\n<meta name=\"robots\" content=\"index, follow, max-snippet:-1, max-image-preview:large, max-video-preview:-1\" \/>\n<link rel=\"canonical\" href=\"https:\/\/disenoparaimpacientes.es\/?page_id=14219\" \/>\n<meta property=\"og:locale\" content=\"es_ES\" \/>\n<meta property=\"og:type\" content=\"article\" \/>\n<meta property=\"og:title\" content=\"Dise\u00f1o web - Dise&ntilde;o para impacientes Creaci\u00f3n de tiendas on-line\" \/>\n<meta property=\"og:description\" content=\"Dise\u00f1o, gesti\u00f3n y mantenimiento de sitios web, con implementaci\u00f3n de comercio electr\u00f3nico en caso de requerirlo. Precios ajustados. Registro de dominios y hosting.\" \/>\n<meta property=\"og:url\" content=\"https:\/\/disenoparaimpacientes.es\/?page_id=14219\" \/>\n<meta property=\"og:site_name\" content=\"Dise&ntilde;o para impacientes\" \/>\n<meta property=\"article:modified_time\" content=\"2022-04-15T08:53:24+00:00\" \/>\n<meta property=\"og:image\" content=\"https:\/\/disenoparaimpacientes.es\/wp-content\/uploads\/2019\/01\/970-CON-TEXTO2.jpg\" \/>\n<meta name=\"twitter:card\" content=\"summary_large_image\" \/>\n<meta name=\"twitter:label1\" content=\"Tiempo de lectura\" \/>\n\t<meta name=\"twitter:data1\" content=\"2 minutos\" \/>\n<script type=\"application\/ld+json\" class=\"yoast-schema-graph\">{\"@context\":\"https:\/\/schema.org\",\"@graph\":[{\"@type\":\"WebPage\",\"@id\":\"https:\/\/disenoparaimpacientes.es\/?page_id=14219\",\"url\":\"https:\/\/disenoparaimpacientes.es\/?page_id=14219\",\"name\":\"Dise\u00f1o web - Dise&ntilde;o para impacientes Creaci\u00f3n de tiendas on-line\",\"isPartOf\":{\"@id\":\"https:\/\/disenoparaimpacientes.es\/#website\"},\"datePublished\":\"2019-01-04T11:46:16+00:00\",\"dateModified\":\"2022-04-15T08:53:24+00:00\",\"description\":\"Dise\u00f1o, gesti\u00f3n y mantenimiento de sitios web, con implementaci\u00f3n de comercio electr\u00f3nico en caso de requerirlo. Precios ajustados. Registro de dominios y hosting.\",\"breadcrumb\":{\"@id\":\"https:\/\/disenoparaimpacientes.es\/?page_id=14219#breadcrumb\"},\"inLanguage\":\"es\",\"potentialAction\":[{\"@type\":\"ReadAction\",\"target\":[\"https:\/\/disenoparaimpacientes.es\/?page_id=14219\"]}]},{\"@type\":\"BreadcrumbList\",\"@id\":\"https:\/\/disenoparaimpacientes.es\/?page_id=14219#breadcrumb\",\"itemListElement\":[{\"@type\":\"ListItem\",\"position\":1,\"name\":\"Portada\",\"item\":\"https:\/\/disenoparaimpacientes.es\/\"},{\"@type\":\"ListItem\",\"position\":2,\"name\":\"Dise\u00f1o web\"}]},{\"@type\":\"WebSite\",\"@id\":\"https:\/\/disenoparaimpacientes.es\/#website\",\"url\":\"https:\/\/disenoparaimpacientes.es\/\",\"name\":\"Dise&ntilde;o para impacientes\",\"description\":\"Dise&ntilde;o gr&aacute;fico para gente con prisa\",\"publisher\":{\"@id\":\"https:\/\/disenoparaimpacientes.es\/#organization\"},\"potentialAction\":[{\"@type\":\"SearchAction\",\"target\":{\"@type\":\"EntryPoint\",\"urlTemplate\":\"https:\/\/disenoparaimpacientes.es\/?s={search_term_string}\"},\"query-input\":\"required name=search_term_string\"}],\"inLanguage\":\"es\"},{\"@type\":\"Organization\",\"@id\":\"https:\/\/disenoparaimpacientes.es\/#organization\",\"name\":\"Dise&ntilde;o para impacientes\",\"url\":\"https:\/\/disenoparaimpacientes.es\/\",\"sameAs\":[],\"logo\":{\"@type\":\"ImageObject\",\"inLanguage\":\"es\",\"@id\":\"https:\/\/disenoparaimpacientes.es\/#\/schema\/logo\/image\/\",\"url\":\"https:\/\/disenoparaimpacientes.es\/wp-content\/uploads\/2021\/10\/Cabecera-nueva-DPI-2-scaled.jpg\",\"contentUrl\":\"https:\/\/disenoparaimpacientes.es\/wp-content\/uploads\/2021\/10\/Cabecera-nueva-DPI-2-scaled.jpg\",\"width\":2560,\"height\":1672,\"caption\":\"Dise&ntilde;o para impacientes\"},\"image\":{\"@id\":\"https:\/\/disenoparaimpacientes.es\/#\/schema\/logo\/image\/\"}}]}<\/script>\n<!-- \/ Yoast SEO plugin. -->","yoast_head_json":{"title":"Dise\u00f1o web - Dise&ntilde;o para impacientes Creaci\u00f3n de tiendas on-line","description":"Dise\u00f1o, gesti\u00f3n y mantenimiento de sitios web, con implementaci\u00f3n de comercio electr\u00f3nico en caso de requerirlo. Precios ajustados. Registro de dominios y hosting.","robots":{"index":"index","follow":"follow","max-snippet":"max-snippet:-1","max-image-preview":"max-image-preview:large","max-video-preview":"max-video-preview:-1"},"canonical":"https:\/\/disenoparaimpacientes.es\/?page_id=14219","og_locale":"es_ES","og_type":"article","og_title":"Dise\u00f1o web - Dise&ntilde;o para impacientes Creaci\u00f3n de tiendas on-line","og_description":"Dise\u00f1o, gesti\u00f3n y mantenimiento de sitios web, con implementaci\u00f3n de comercio electr\u00f3nico en caso de requerirlo. Precios ajustados. Registro de dominios y hosting.","og_url":"https:\/\/disenoparaimpacientes.es\/?page_id=14219","og_site_name":"Dise&ntilde;o para impacientes","article_modified_time":"2022-04-15T08:53:24+00:00","og_image":[{"url":"https:\/\/disenoparaimpacientes.es\/wp-content\/uploads\/2019\/01\/970-CON-TEXTO2.jpg"}],"twitter_card":"summary_large_image","twitter_misc":{"Tiempo de lectura":"2 minutos"},"schema":{"@context":"https:\/\/schema.org","@graph":[{"@type":"WebPage","@id":"https:\/\/disenoparaimpacientes.es\/?page_id=14219","url":"https:\/\/disenoparaimpacientes.es\/?page_id=14219","name":"Dise\u00f1o web - Dise&ntilde;o para impacientes Creaci\u00f3n de tiendas on-line","isPartOf":{"@id":"https:\/\/disenoparaimpacientes.es\/#website"},"datePublished":"2019-01-04T11:46:16+00:00","dateModified":"2022-04-15T08:53:24+00:00","description":"Dise\u00f1o, gesti\u00f3n y mantenimiento de sitios web, con implementaci\u00f3n de comercio electr\u00f3nico en caso de requerirlo. Precios ajustados. Registro de dominios y hosting.","breadcrumb":{"@id":"https:\/\/disenoparaimpacientes.es\/?page_id=14219#breadcrumb"},"inLanguage":"es","potentialAction":[{"@type":"ReadAction","target":["https:\/\/disenoparaimpacientes.es\/?page_id=14219"]}]},{"@type":"BreadcrumbList","@id":"https:\/\/disenoparaimpacientes.es\/?page_id=14219#breadcrumb","itemListElement":[{"@type":"ListItem","position":1,"name":"Portada","item":"https:\/\/disenoparaimpacientes.es\/"},{"@type":"ListItem","position":2,"name":"Dise\u00f1o web"}]},{"@type":"WebSite","@id":"https:\/\/disenoparaimpacientes.es\/#website","url":"https:\/\/disenoparaimpacientes.es\/","name":"Dise&ntilde;o para impacientes","description":"Dise&ntilde;o gr&aacute;fico para gente con prisa","publisher":{"@id":"https:\/\/disenoparaimpacientes.es\/#organization"},"potentialAction":[{"@type":"SearchAction","target":{"@type":"EntryPoint","urlTemplate":"https:\/\/disenoparaimpacientes.es\/?s={search_term_string}"},"query-input":"required name=search_term_string"}],"inLanguage":"es"},{"@type":"Organization","@id":"https:\/\/disenoparaimpacientes.es\/#organization","name":"Dise&ntilde;o para impacientes","url":"https:\/\/disenoparaimpacientes.es\/","sameAs":[],"logo":{"@type":"ImageObject","inLanguage":"es","@id":"https:\/\/disenoparaimpacientes.es\/#\/schema\/logo\/image\/","url":"https:\/\/disenoparaimpacientes.es\/wp-content\/uploads\/2021\/10\/Cabecera-nueva-DPI-2-scaled.jpg","contentUrl":"https:\/\/disenoparaimpacientes.es\/wp-content\/uploads\/2021\/10\/Cabecera-nueva-DPI-2-scaled.jpg","width":2560,"height":1672,"caption":"Dise&ntilde;o para impacientes"},"image":{"@id":"https:\/\/disenoparaimpacientes.es\/#\/schema\/logo\/image\/"}}]}},"jetpack_sharing_enabled":true,"jetpack_shortlink":"https:\/\/wp.me\/PaA1RI-3Hl","_links":{"self":[{"href":"https:\/\/disenoparaimpacientes.es\/index.php?rest_route=\/wp\/v2\/pages\/14219"}],"collection":[{"href":"https:\/\/disenoparaimpacientes.es\/index.php?rest_route=\/wp\/v2\/pages"}],"about":[{"href":"https:\/\/disenoparaimpacientes.es\/index.php?rest_route=\/wp\/v2\/types\/page"}],"author":[{"embeddable":true,"href":"https:\/\/disenoparaimpacientes.es\/index.php?rest_route=\/wp\/v2\/users\/1"}],"replies":[{"embeddable":true,"href":"https:\/\/disenoparaimpacientes.es\/index.php?rest_route=%2Fwp%2Fv2%2Fcomments&post=14219"}],"version-history":[{"count":36,"href":"https:\/\/disenoparaimpacientes.es\/index.php?rest_route=\/wp\/v2\/pages\/14219\/revisions"}],"predecessor-version":[{"id":14810,"href":"https:\/\/disenoparaimpacientes.es\/index.php?rest_route=\/wp\/v2\/pages\/14219\/revisions\/14810"}],"wp:attachment":[{"href":"https:\/\/disenoparaimpacientes.es\/index.php?rest_route=%2Fwp%2Fv2%2Fmedia&parent=14219"}],"curies":[{"name":"wp","href":"https:\/\/api.w.org\/{rel}","templated":true}]}}